{"id":4491,"date":"2023-05-04T16:54:10","date_gmt":"2023-05-04T14:54:10","guid":{"rendered":"https:\/\/www.dr-trotta.fr\/el-dr-pascal-trotta\/"},"modified":"2023-11-07T14:30:24","modified_gmt":"2023-11-07T13:30:24","slug":"el-dr-pascal-trotta","status":"publish","type":"page","link":"https:\/\/www.dr-trotta.fr\/es\/el-instituto\/el-dr-pascal-trotta\/","title":{"rendered":"El Dr. Pascal Trotta"},"content":{"rendered":"\n<section id=\"section-block_e3cdd6d898f0b2306ddff9c5d59d79d4\" class=\"section   background--main-light d-block\"\n         style=''>\n    <div class=\"container-xl\">\n        \n\n\n\n\n\n<div class=\"espacement-4\"><\/div>\n\n\n\n\n\n    <div class=\"row align-items-center image_contenu_cta   \">\n        \n\n\n<div class=\"col-md-6\">\n    <img decoding=\"async\" class=\"img-fluid px-0 \" src=\"https:\/\/www.dr-trotta.fr\/wp-content\/uploads\/2023\/06\/dr-trotta-homepage.jpg\" alt=\"\" \/>\n<\/div>\n\n<div class=\"col-md-6 text-left\">\n    <div class=\"px-1 px-lg-2\">\n                        <h2 class=\"font-style1\">Dr. Pascal Trotta<\/h2>\n            \n            \n                    <p>&nbsp;<\/p>\n<div><em><strong>Ex pasante en los hospitales de Par\u00eds,\u00a0<\/strong><\/em><br \/>\n<em><strong>Laureado de la Facultad de Medicina de Par\u00eds:\u00a0 Radi\u00f3logo \u2013 Home\u00f3pata \u2013 Nutricionista \u2013 Auriculoterapia \u2013 Medicina informacional.<\/strong><\/em><\/div>\n        \n            <\/div>\n<\/div>\n    <\/div>\n\n\n\n\n\n\n\n\n<div class=\"espacement-3\"><\/div>\n\n\n\n\n\n    <div class=\"row  image_contenu_cta   \">\n        \n\n\n<div class=\"col-12  text-left text-left\">\n    <div class=\"px-0\">\n        \n        \n        \n            <\/div>\n<\/div>\n    <\/div>\n\n\n\n\n\n\n\n    <div class=\"row  image_contenu_cta   \">\n        \n\n\n<div class=\"col-12  text-left text-left\">\n    <div class=\"px-1 px-md-2 px-lg-5\">\n        \n                    <div class=\"font-style2\">El Doctor Trotta podr\u00e1 analizar todos tus ex\u00e1menes m\u00e9dicos (radiograf\u00edas, esc\u00e1ners,&#8230;) y darte una segunda opini\u00f3n diagn\u00f3stica.<\/div>\n        \n        \n            <\/div>\n<\/div>\n    <\/div>\n\n\n\n\n\n\n\n    <div class=\"row  image_contenu_cta   \">\n        \n\n\n<div class=\"col-12  text-left text-left\">\n    <div class=\"px-1 px-md-2 px-lg-5\">\n        \n                    <div class=\"font-style2\">Como home\u00f3pata y nutricionista, utilizar\u00e1 las t\u00e9cnicas m\u00e1s naturales y adecuadas para prevenir y tratar sus enfermedades.<\/div>\n        \n        \n            <\/div>\n<\/div>\n    <\/div>\n\n\n\n\n\n\n\n\n<div class=\"espacement-2\"><\/div>\n\n\n\n\n\n    <div class=\"row  image_contenu_cta   \">\n        \n\n\n<div class=\"col-12  text-left text-left\">\n    <div class=\"px-1 px-md-2 px-lg-5\">\n        \n        \n                    <p>El doctor Pascal Trotta, antiguo interno de los hospitales de Par\u00eds, es un m\u00e9dico especialista que ha ejercido la radiolog\u00eda durante 20 a\u00f1os, en lo que hoy se llama la medicina convencional. Su inter\u00e9s por la medicina natural junto a su convicci\u00f3n de que la medicina debe\u00a0 ser m\u00e1s humana y basarse en la escucha y el cuidado, le han llevado a dedicarse a\u00a0 una medicina basada en tratamientos naturales.<\/p>\n<p>Desde hace m\u00e1s de 15 a\u00f1os se dedica al estudio y la investigaci\u00f3n desarrollado una gama de productos naturales que permiten la prevenci\u00f3n de enfermedades y el tratamiento de numerosas patolog\u00edas. Sus productos, fabricados en Francia, est\u00e1n elaborados a base de plantas y complementos naturales.<\/p>\n<p>Actualmente ejerce su profesi\u00f3n y pasa consulta en su gabinete de medicina natural en Donostia-San Sebasti\u00e1n, cerca de la frontera francesa.<\/p>\n        \n            <\/div>\n<\/div>\n    <\/div>\n\n\n\n\n\n\n\n\n<div class=\"espacement-4\"><\/div>\n\n\n    <\/div>\n<\/section>\n\n\n<section id=\"section-block_e3cdd6d898f0b2306ddff9c5d59d79d4\" class=\"section   background--main-light d-block\"\n         style=''>\n    <div class=\"container-xl\">\n        \n\n<div class=\"wp-block-columns is-layout-flex wp-container-core-columns-is-layout-9d6595d7 wp-block-columns-is-layout-flex\">\n<div class=\"wp-block-column bd-radius-10 has-background is-layout-flow wp-block-column-is-layout-flow\" style=\"background-color:#397f8c\">\n\n\n\n    <div class=\"row align-items-center image_contenu_cta   py-1  color--main-light\">\n        \n\n\n<div class=\"col-12 text-left text-left\">\n    <div class=\"px-1 px-lg-2 d-flex justify-content-between align-items-center\">\n                    <div class=\"font-style4\">Para tener una consulta con el Dr. Pascal Trotta<\/div>\n        \n        \n        \n                    <a href=\"https:\/\/app.dr-trotta.es\/telemedicina\" target=\"\" class=\"btn btn-outline-light btn my-1\">Pedir hora<\/a>\n            <\/div>\n<\/div>\n    <\/div>\n\n<\/div>\n<\/div>\n\n\n\n    <\/div>\n<\/section>\n\n\n<section id=\"section-block_e3cdd6d898f0b2306ddff9c5d59d79d4\" class=\"section   background--main-light d-block\"\n         style=''>\n    <div class=\"container-xl\">\n        \n\n\n\n\n\n<div class=\"espacement-2\"><\/div>\n\n\n<div class=\"wp-block-columns is-layout-flex wp-container-core-columns-is-layout-9d6595d7 wp-block-columns-is-layout-flex\">\n<div class=\"wp-block-column bd-radius-10 has-background is-layout-flow wp-block-column-is-layout-flow\" style=\"background-color:#faede7;flex-basis:50%\">\n\n\n\n    <div class=\"row  image_contenu_cta   p-3 \">\n        \n\n\n<div class=\"col-12  text-left text-left\">\n    <div class=\"px-0\">\n                    <div class=\"font-style4\"><span class=\"fs-24 fw-500\">Cont\u00e1ctanos<\/span><\/div>\n        \n                    <p class=\"font-style2\"><i class=\"fa-light fa-phone\"><\/i> 05 54 54 44 43<\/p>\n        \n                    <p><strong>Horario de apertura<\/strong><br \/>\nDe lunes a jueves de 9:00 a 19:00 horas.<br \/>\nLos viernes de 9:00 a 13:00 horas.<\/p>\n        \n            <\/div>\n<\/div>\n    <\/div>\n\n<\/div>\n\n\n\n<div class=\"wp-block-column bd-radius-10 has-background is-layout-flow wp-block-column-is-layout-flow\" style=\"background-color:#397f8c;flex-basis:50%\">\n\n\n\n    <div class=\"row  image_contenu_cta   p-3  color--main-light\">\n        \n\n\n<div class=\"col-12  text-left text-left\">\n    <div class=\"px-0\">\n                    <div class=\"font-style4\">\u00bfPrimera consulta?<\/div>\n        \n        \n                    <p>Para su primera visita le ofrecemos varios tipos de consultas.<\/p>\n        \n                    <a href=\"\/linstitut\/prendre-rendez-vous\/\" target=\"\" class=\"btn btn-outline-light btn mt-1\">Pida hora <\/a>\n            <\/div>\n<\/div>\n    <\/div>\n\n<\/div>\n<\/div>\n\n\n\n\n\n\n\n<div class=\"espacement-5\"><\/div>\n\n\n    <\/div>\n<\/section>","protected":false},"excerpt":{"rendered":"","protected":false},"author":1,"featured_media":0,"parent":4502,"menu_order":10,"comment_status":"closed","ping_status":"closed","template":"","meta":{"_acf_changed":false,"_seopress_robots_primary_cat":"","_seopress_titles_title":"","_seopress_titles_desc":"","_seopress_robots_index":"","inline_featured_image":false,"footnotes":""},"class_list":["post-4491","page","type-page","status-publish","hentry"],"acf":[],"_links":{"self":[{"href":"https:\/\/www.dr-trotta.fr\/es\/wp-json\/wp\/v2\/pages\/4491","targetHints":{"allow":["GET"]}}],"collection":[{"href":"https:\/\/www.dr-trotta.fr\/es\/wp-json\/wp\/v2\/pages"}],"about":[{"href":"https:\/\/www.dr-trotta.fr\/es\/wp-json\/wp\/v2\/types\/page"}],"author":[{"embeddable":true,"href":"https:\/\/www.dr-trotta.fr\/es\/wp-json\/wp\/v2\/users\/1"}],"replies":[{"embeddable":true,"href":"https:\/\/www.dr-trotta.fr\/es\/wp-json\/wp\/v2\/comments?post=4491"}],"version-history":[{"count":20,"href":"https:\/\/www.dr-trotta.fr\/es\/wp-json\/wp\/v2\/pages\/4491\/revisions"}],"predecessor-version":[{"id":5102,"href":"https:\/\/www.dr-trotta.fr\/es\/wp-json\/wp\/v2\/pages\/4491\/revisions\/5102"}],"up":[{"embeddable":true,"href":"https:\/\/www.dr-trotta.fr\/es\/wp-json\/wp\/v2\/pages\/4502"}],"wp:attachment":[{"href":"https:\/\/www.dr-trotta.fr\/es\/wp-json\/wp\/v2\/media?parent=4491"}],"curies":[{"name":"wp","href":"https:\/\/api.w.org\/{rel}","templated":true}]}}