{"id":4510,"date":"2023-05-04T16:55:01","date_gmt":"2023-05-04T14:55:01","guid":{"rendered":"https:\/\/www.dr-trotta.fr\/el-instituto\/concierte-una-cita\/"},"modified":"2023-11-07T13:45:03","modified_gmt":"2023-11-07T12:45:03","slug":"concierte-una-cita","status":"publish","type":"page","link":"https:\/\/www.dr-trotta.fr\/es\/el-instituto\/concierte-una-cita\/","title":{"rendered":"Pida una cita"},"content":{"rendered":"\n<section id=\"section-block_7d91103a5daa19123a1852dc8bf57b4c\" class=\"section   background--main-color1 d-block\"\n         style=''>\n    <div class=\"container\">\n        \n\n\n\n\n\n\n\n<div class=\"row\">\n    <div class=\" color--main-light pt-banner-1 pb-banner-1\" style=\"background-image: url(''); background-size: cover; background-position: bottom;\">\n        <div class=\"px-1 px-md-2 px-lg-5\">\n                        <h1 class=\"font-style1\">Para pedir una cita<\/h1>\n        \n        \n    \n    <\/div>\n<\/div>\n<\/div>\n\n\n\n\n\n    <\/div>\n<\/section>\n\n\n<section id=\"section-block_60d477443339cdc342764c2de6647df8\" class=\"section   background--main-light d-block\"\n         style=''>\n    <div class=\"container-xxl\">\n        \n\n<div style=\"height:50px\" aria-hidden=\"true\" class=\"wp-block-spacer\"><\/div>\n\n\n\n<div class=\"wp-block-columns is-layout-flex wp-container-core-columns-is-layout-9d6595d7 wp-block-columns-is-layout-flex\">\n<div class=\"wp-block-column mx-1 bd-radius-10 has-background is-layout-flow wp-block-column-is-layout-flow\" style=\"background-color:#fcf2e4;flex-basis:50%\">\n<div class=\"wp-block-columns mx-1 is-layout-flex wp-container-core-columns-is-layout-9d6595d7 wp-block-columns-is-layout-flex\">\n<div class=\"wp-block-column is-layout-flow wp-block-column-is-layout-flow\" style=\"flex-basis:100%\">\n\n\n\n    <div class=\"row  image_contenu_cta   \">\n        \n\n\n<div class=\"col-12  text-left text-left\">\n    <div class=\"px-1 px-md-1 px-lg-3\">\n                    <div class=\"font-style1\"><span class=\"fs-24\">Contactanos en<\/span><\/div>\n        \n                    <p class=\"font-style3\"><i class=\"fa-light fa-phone\"><\/i> <a style=\"color:#404040\" href=\"tel:+34 943 059 203\">+34 943 059 203 <\/a><\/p>\n        \n                    <p><strong>Horario de apertura<\/strong><br \/>\nLunes a jueves de 9:00 a 17:00 horas.<br \/>\nViernes de 9:00 a 13:00 horas.<\/p>\n        \n            <\/div>\n<\/div>\n    <\/div>\n\n<\/div>\n<\/div>\n<\/div>\n\n\n\n<div class=\"wp-block-column mx-1 bd-radius-10 has-background is-layout-flow wp-block-column-is-layout-flow\" style=\"background-color:#eafaf9;flex-basis:50%\">\n<div class=\"wp-block-columns mx-1 is-layout-flex wp-container-core-columns-is-layout-9d6595d7 wp-block-columns-is-layout-flex\">\n<div class=\"wp-block-column is-layout-flow wp-block-column-is-layout-flow\" style=\"flex-basis:100%\">\n<div class=\"wp-block-columns is-layout-flex wp-container-core-columns-is-layout-9d6595d7 wp-block-columns-is-layout-flex\">\n<div class=\"wp-block-column is-layout-flow wp-block-column-is-layout-flow\" style=\"flex-basis:100%\">\n\n\n\n    <div class=\"row  image_contenu_cta   \">\n        \n\n\n<div class=\"col-12  text-left text-left\">\n    <div class=\"px-1 px-md-1 px-lg-3\">\n                    <div class=\"font-style1\"><span class=\"fs-24\">Por telemedicina<\/span><\/div>\n        \n        \n                    <p>El Dr. Trotta te ofrece la posibilidad de pasar consulta por tel\u00e9fono (Whats\u2019App).<\/p>\n        \n                    <a href=\"https:\/\/app.dr-trotta.es\/telemedicina\/consulta-telemedicina-1a-cita\" target=\"_blank\" class=\"btn btn-primary btn mt-1\">Libro en l\u00ednea<\/a>\n            <\/div>\n<\/div>\n    <\/div>\n\n<\/div>\n<\/div>\n<\/div>\n<\/div>\n<\/div>\n<\/div>\n\n\n\n    <\/div>\n<\/section>\n\n\n<section id=\"section-block_0ef42f86d25d95f5258a3702bd221f3d\" class=\"section   background--main-light d-block\"\n         style=''>\n    <div class=\"container-md\">\n        \n\n\n\n\n    <div class=\"row  image_contenu_cta   \">\n        \n\n\n<div class=\"col-12  text-left text-left\">\n    <div class=\"px-0\">\n        \n                    <h2 class=\"font-style2\">Tipos de RV que se ofrecen en el Instituto de Medicina Natural de San Sebasti\u00e1n:<\/h2>\n        \n        \n            <\/div>\n<\/div>\n    <\/div>\n\n\n\n\n\n\n\n    <div class=\"row  image_contenu_cta   \">\n        \n\n\n<div class=\"col-12  text-left text-left\">\n    <div class=\"px-0\">\n                    <h3 class=\"font-style4\">Consulta 1\u00aa cita<\/h3>\n        \n        \n                    <p>Para su primera cita, tiene la opci\u00f3n de 2 consultas:<\/p>\n<p><strong>Individual 30 min:<\/strong> 90\u20ac<br \/>\n<strong>Doble 50 min:<\/strong> 150\u20ac<\/p>\n<p>En estas dos consultas el m\u00e9dico te escuchar\u00e1, te examinar\u00e1, te ofrecer\u00e1 un diagn\u00f3stico auricular e iridol\u00f3gico, y un tratamiento personalizado en funci\u00f3n de tu patolog\u00eda a base de nutrici\u00f3n, complementos alimenticios, acupuntura auricular, ondas escalares o de Lakhovsky.<\/p>\n<p>Si tu patolog\u00eda es larga y compleja, y requiere el examen de tus radiograf\u00edas, ESC\u00c1NER, resonancia magn\u00e9tica y biol\u00f3gico, opta por la doble consulta de 50 minutos que le dar\u00e1 al m\u00e9dico el tiempo necesario para sus an\u00e1lisis.<\/p>\n<p>No le pidas al m\u00e9dico en la simple consulta de 30 minutos para poder hacer todo. Debes poder darle al m\u00e9dico el tiempo necesario para que te examine adecuadamente y te ofrezca el mejor tratamiento. Por supuesto, estamos hablando de su salud y su enfermedad. Esto no debe tomarse a la ligera.<\/p>\n        \n            <\/div>\n<\/div>\n    <\/div>\n\n\n\n\n\n\n\n    <div class=\"row  image_contenu_cta   \">\n        \n\n\n<div class=\"col-12  text-left text-left\">\n    <div class=\"px-0\">\n                    <h3 class=\"font-style4\">Pr\u00f3xima consulta<\/h3>\n        \n        \n                    <p>Tienes la opci\u00f3n de 2 consultas de seguimiento, una sencilla y otra larga.<\/p>\n<p><strong>Consulta de seguimiento sencilla sin onda escalar:<\/strong> 15 minutos 50\u20ac<br \/>\n<strong>Consulta de seguimiento larga simple con onda escalar:<\/strong> 25 minutos 70\u20ac<\/p>\n<p>Opte por el sencillo para problemas de peso o dolor que esencialmente requieren acupuntura en el o\u00eddo.<\/p>\n<p>Opta por el largo plazo para patolog\u00edas complejas donde durante esta consulta el m\u00e9dico actor tendr\u00e1 m\u00e1s tiempo para escucharte, analizar tus ex\u00e1menes y tratarte con ondas de Lakhovsky.<\/p>\n<p>Tenga en cuenta que las ondas escalares no se ofrecen para consultas breves.<\/p>\n        \n            <\/div>\n<\/div>\n    <\/div>\n\n\n\n\n\n\n\n    <div class=\"row  image_contenu_cta   \">\n        \n\n\n<div class=\"col-12  text-left text-left\">\n    <div class=\"px-0\">\n                    <h3 class=\"font-style4\">Teleconsulta<\/h3>\n        \n        \n                    <p>Consulta online de T\u00e9l\u00e9 M\u00e9decine entre usted y el Dr. Pascal Trotta, si no puede desplazarse a San Sebasti\u00e1n: 50\u20ac, 1\u00aa consulta 20 minutos, consultas posteriores 15 minutos<\/p>\n        \n            <\/div>\n<\/div>\n    <\/div>\n\n\n\n\n\n\n\n    <div class=\"row  image_contenu_cta   \">\n        \n\n\n<div class=\"col-12  text-left text-left\">\n    <div class=\"px-0\">\n                    <h3 class=\"font-style4\">Ondas escalares<\/h3>\n        \n        \n                    <p>Olas que sanan. Tratamiento con ondas escalares de enfermedades cr\u00f3nicas y fatiga. Para revitalizarte. Generalmente se recomiendan 4-8 sesiones (1-2\/semana).<br \/>\n<strong>1 sesi\u00f3n 50\u20ac. 4 sesiones 120\u20ac, 8 sesiones 200\u20ac.<\/strong><\/p>\n<p>Precios extremadamente asequibles por los resultados obtenidos, bienestar y vitalidad renovada.<\/p>\n<p>Para cualquier primera cita presencial en San Sebasti\u00e1n, se le solicitar\u00e1 un dep\u00f3sito de reserva para \u201casegurar\u201d su cita tanto para usted como para el Doctor. Esta primera consulta es crucial para tu salud.<\/p>\n<p><strong>Como suele venir de bastante distancia, para facilitarle la vida, el Doctor ha reunido 4 consultas en una sola consulta: diagn\u00f3stico m\u00e9dico, diagn\u00f3stico nutricional, iridolog\u00eda, esc\u00e1ner de o\u00eddo y tratamiento mediante acupuntura de o\u00eddo y\/o ondas escalares.<\/strong><\/p>\n<p>Esta consulta no podr\u00e1 ser reemplazada si la cancelas 72 horas h\u00e1biles antes.<\/p>\n<p>Por tanto, es absolutamente necesario reservarlo con este importe que actuar\u00e1 como confirmaci\u00f3n. Si cancela esta consulta por cualquier motivo, menos de 72 horas h\u00e1biles antes de su consulta, este monto no podr\u00e1 ser reembolsado.<\/p>\n<p><strong>Le pedimos que est\u00e9 atento y haga todo lo posible para estar presente y puntual el d\u00eda de su cita. Calcula siempre 30 minutos adicionales en tu viaje en caso de circunstancias imprevistas. Agradecemos vuestra comprensi\u00f3n.<\/strong><\/p>\n        \n            <\/div>\n<\/div>\n    <\/div>\n\n\n\n\n<div style=\"height:140px\" aria-hidden=\"true\" class=\"wp-block-spacer\"><\/div>\n\n\n\n    <\/div>\n<\/section>","protected":false},"excerpt":{"rendered":"","protected":false},"author":1,"featured_media":0,"parent":4502,"menu_order":27,"comment_status":"closed","ping_status":"closed","template":"","meta":{"_acf_changed":false,"_seopress_robots_primary_cat":"","_seopress_titles_title":"","_seopress_titles_desc":"","_seopress_robots_index":"","inline_featured_image":false,"footnotes":""},"class_list":["post-4510","page","type-page","status-publish","hentry"],"acf":[],"_links":{"self":[{"href":"https:\/\/www.dr-trotta.fr\/es\/wp-json\/wp\/v2\/pages\/4510","targetHints":{"allow":["GET"]}}],"collection":[{"href":"https:\/\/www.dr-trotta.fr\/es\/wp-json\/wp\/v2\/pages"}],"about":[{"href":"https:\/\/www.dr-trotta.fr\/es\/wp-json\/wp\/v2\/types\/page"}],"author":[{"embeddable":true,"href":"https:\/\/www.dr-trotta.fr\/es\/wp-json\/wp\/v2\/users\/1"}],"replies":[{"embeddable":true,"href":"https:\/\/www.dr-trotta.fr\/es\/wp-json\/wp\/v2\/comments?post=4510"}],"version-history":[{"count":9,"href":"https:\/\/www.dr-trotta.fr\/es\/wp-json\/wp\/v2\/pages\/4510\/revisions"}],"predecessor-version":[{"id":5080,"href":"https:\/\/www.dr-trotta.fr\/es\/wp-json\/wp\/v2\/pages\/4510\/revisions\/5080"}],"up":[{"embeddable":true,"href":"https:\/\/www.dr-trotta.fr\/es\/wp-json\/wp\/v2\/pages\/4502"}],"wp:attachment":[{"href":"https:\/\/www.dr-trotta.fr\/es\/wp-json\/wp\/v2\/media?parent=4510"}],"curies":[{"name":"wp","href":"https:\/\/api.w.org\/{rel}","templated":true}]}}