{"id":4950,"date":"2023-05-05T09:58:51","date_gmt":"2023-05-05T07:58:51","guid":{"rendered":"https:\/\/www.dr-trotta.fr\/informacion-juridica\/"},"modified":"2023-10-06T14:20:42","modified_gmt":"2023-10-06T12:20:42","slug":"informacion-juridica","status":"publish","type":"page","link":"https:\/\/www.dr-trotta.fr\/es\/informacion-juridica\/","title":{"rendered":"Informaci\u00f3n jur\u00eddica"},"content":{"rendered":"\n<section id=\"section-block_672a4ece568d4699a1a0bb91a28e544a\" class=\"section   background--main-light d-block\"\n         style=''>\n    <div class=\"container-xl\">\n        \n\n\n\n\n\n<div class=\"espacement-4\"><\/div>\n\n\n\n\n\n    <div class=\"row  image_contenu_cta   \">\n        \n\n\n<div class=\"col-12  text-left text-left\">\n    <div class=\"px-0\">\n                    <h1 class=\"font-style1\">Notas legales<\/h1>\n        \n        \n        \n            <\/div>\n<\/div>\n    <\/div>\n\n\n\n\n\n\n\n    <div class=\"row  image_contenu_cta   \">\n        \n\n\n<div class=\"col-12  text-left text-left\">\n    <div class=\"px-0\">\n        \n                    <h2 class=\"font-style2\">Este sitio web est\u00e1 editado por el Dr. Pascal Trotta.<\/h2>\n        \n                    <p>Instituto de Medicina Natural del Dr.<br \/>\nTrotta Paseo de los Fueros, 3 20005 San Sebasti\u00e1n<br \/>\n05 54 54 44 43<br \/>\ninfo@dr-trotta.com<\/p>\n<p><strong>Directora de publicaci\u00f3n:<\/strong><br \/>\nDr. Pascal Trotta<\/p>\n<p><strong>Alojamiento del sitio:<\/strong><br \/>\nInfomaniak<\/p>\n<p>El objetivo de este sitio web es presentar las actividades y servicios ofrecidos por el Dr. Pascal Trotta. La informaci\u00f3n proporcionada en este sitio tiene fines informativos y no puede sustituir de ninguna manera una consulta m\u00e9dica.<\/p>\n<p>De conformidad con las disposiciones de la Ley n\u00ba 78-17 del 6 de enero de 1978 relativa al procesamiento de datos, archivos y libertades, usted tiene derecho a acceder, rectificar y eliminar los datos personales que le conciernen poni\u00e9ndose en contacto con nosotros por correo postal o por correo electr\u00f3nico. a la direcci\u00f3n arriba indicada.<\/p>\n<p>El sitio web del Dr. Pascal Trotta est\u00e1 sujeto a la legislaci\u00f3n francesa vigente. Los contenidos, im\u00e1genes, textos e informaciones publicadas en este sitio son propiedad del Dr. Pascal Trotta o de sus socios y no pueden utilizarse sin autorizaci\u00f3n previa.<\/p>\n<p>El Dr. Pascal Trotta no se hace responsable de los da\u00f1os directos o indirectos resultantes del uso de su sitio web o de la imposibilidad de acceder a \u00e9l.<\/p>\n<p>Al navegar por este sitio web, aceptas estos avisos legales. Dr Pascal Trotta se reserva el derecho de modificar este aviso legal en cualquier momento y sin previo aviso.<\/p>\n        \n            <\/div>\n<\/div>\n    <\/div>\n\n\n\n\n\n\n\n\n<div class=\"espacement-4\"><\/div>\n\n\n\n\n\n\n<div class=\"espacement-3\"><\/div>\n\n\n    <\/div>\n<\/section>","protected":false},"excerpt":{"rendered":"","protected":false},"author":1,"featured_media":0,"parent":0,"menu_order":13,"comment_status":"closed","ping_status":"closed","template":"","meta":{"_acf_changed":false,"_seopress_robots_primary_cat":"","_seopress_titles_title":"","_seopress_titles_desc":"","_seopress_robots_index":"","inline_featured_image":false,"footnotes":""},"class_list":["post-4950","page","type-page","status-publish","hentry"],"acf":[],"_links":{"self":[{"href":"https:\/\/www.dr-trotta.fr\/es\/wp-json\/wp\/v2\/pages\/4950","targetHints":{"allow":["GET"]}}],"collection":[{"href":"https:\/\/www.dr-trotta.fr\/es\/wp-json\/wp\/v2\/pages"}],"about":[{"href":"https:\/\/www.dr-trotta.fr\/es\/wp-json\/wp\/v2\/types\/page"}],"author":[{"embeddable":true,"href":"https:\/\/www.dr-trotta.fr\/es\/wp-json\/wp\/v2\/users\/1"}],"replies":[{"embeddable":true,"href":"https:\/\/www.dr-trotta.fr\/es\/wp-json\/wp\/v2\/comments?post=4950"}],"version-history":[{"count":5,"href":"https:\/\/www.dr-trotta.fr\/es\/wp-json\/wp\/v2\/pages\/4950\/revisions"}],"predecessor-version":[{"id":4970,"href":"https:\/\/www.dr-trotta.fr\/es\/wp-json\/wp\/v2\/pages\/4950\/revisions\/4970"}],"wp:attachment":[{"href":"https:\/\/www.dr-trotta.fr\/es\/wp-json\/wp\/v2\/media?parent=4950"}],"curies":[{"name":"wp","href":"https:\/\/api.w.org\/{rel}","templated":true}]}}